{"id":10124,"date":"2022-04-14T19:06:49","date_gmt":"2022-04-14T19:06:49","guid":{"rendered":"https:\/\/www.esteticamundial.com\/congreso\/argentina\/?page_id=10124"},"modified":"2026-03-13T14:11:04","modified_gmt":"2026-03-13T14:11:04","slug":"sede","status":"publish","type":"page","link":"https:\/\/www.esteticamundial.com\/congreso\/argentina\/sede\/","title":{"rendered":"Sede"},"content":{"rendered":"\n<section class=\"sh-section sh-section-833808fd230d5d2f09dd2cef20e5cc1e fw-main-row sh-section-visibility-everywhere\">\n\t\n\t\n\t<div class=\"sh-section-container container\">\n\t\t<div class=\"fw-row\">\n\t\n<div class=\"sh-column sh-column-179bef3a36e9d0cc53ace44bfb580490 fw-col-xs-12 fw-col-sm-6\" >\n\n\t\n\t<div class=\"sh-column-wrapper\">\n\t\t\n<div id=\"text-block-70baabf15e57eb62dcadc80f91674d38\" class=\"sh-text-block\">\n\t<p><strong>Quinto Centenario Hotel<\/strong> se ubica a s\u00f3lo 10 cuadras del centro de C\u00f3rdoba, con f\u00e1cil acceso desde el Aeropuerto Internacional y desde la terminal de \u00f3mnibus. Conecta directamente con Nuevocentro Shopping, uno de los centros de compras m\u00e1s importantes de la ciudad.<\/p><p>El centro de convenciones nos albergar\u00e1 con su arquitectura moderna y una calidez \u00fanica. Cuenta con escaleras mec\u00e1nicas que conectan entre s\u00ed los diferentes ambientes, amplios y luminosos.<\/p><p>El restaurante Las Sierras ofrece una amplia selecci\u00f3n de recetas locales e internacionales elaboradas con los mejores productos de temporada para disfrutar en un ambiente confortable.<\/p><\/div>\n\t<\/div>\n\n\n\t\t\n\n<\/div>\n\n<div class=\"sh-column sh-column-529d2a2901ce148fa691f49e1ecdc766 fw-col-xs-12 fw-col-sm-6\" >\n\n\t\n\t<div class=\"sh-column-wrapper\">\n\t\t\n<div id=\"single-image-882e166bd4f0b483045546f9d64a2389\" class=\"sh-single-image  \">\n\t<div class=\"sh-element-margin\">\n\t\t\n\t\t\n\t\t\t<div class=\"sh-single-image-container\">\n\t\t\t\t\t\t\t\t\t\t\t\t\t\t\t<a href=\"\/\/www.esteticamundial.com\/congreso\/argentina\/wp-content\/uploads\/2024\/05\/Fachada1-1.jpg\" rel=\"lightbox\">\n\t\t\t\t\t\n\t\t\t\t\t\t\t\t\t\t\t\t\t<img decoding=\"async\" class=\"sh-image-url\" src=\"https:\/\/www.esteticamundial.com\/congreso\/argentina\/wp-content\/uploads\/2024\/05\/Fachada1-1-1024x684.jpg\" alt=\"Fachada1\" \/>\n\t\t\t\t\t\t\t\t\t\t\t\t\t\n\t\t\t\t\t\t\t\t\t\t\t<\/a>\n\t\t\t\t\t\t\t\t\t\n\t\t\t\t\t\t\t<\/div>\n\n\t\t\n\t<\/div>\n<\/div>\n\t<\/div>\n\n\n\t\t\n\n<\/div>\n<\/div>\n\n<div class=\"fw-row\">\n\t\n<div class=\"sh-column sh-column-a92e69f20fbed303e6747e30b89800b4 fw-col-xs-12\" >\n\n\t\n\t<div class=\"sh-column-wrapper\">\n\t\t\n<div class=\"sh-empty-space\" id=\"empty-space-1ae7ef85ccdc49efeded7c950e069792\"><\/div>\n\n<div class=\"sh-empty-space\" id=\"empty-space-cede582c2993548aecfd3bdabad8d1b7\"><\/div>\n\n<div id=\"button-873b571378c6dfed6cd82d3f7711612f\" class=\"sh-button-container  sh-button-style-1\">\n\t<div class=\"sh-element-margin\">\n\t\t<a href=\"https:\/\/www.esteticamundial.com\/congreso\/argentina\/alojamiento\/\" target=\"_self\" class=\"sh-button sh-button-medium \">\n\n\t\t\t\n\t\t\t\t\t\t\t<span class=\"sh-button-text\">\n\t\t\t\t\tVer tarifa especial para congresistas\t\t\t\t<\/span>\n\t\t\t\n\t\t\t\n\t\t<\/a>\n\t\t\t<\/div>\n<\/div>\n\n<div class=\"sh-empty-space\" id=\"empty-space-d292ff255bb55e4e9bfa23358517797e\"><\/div>\n\t<\/div>\n\n\n\t\t\n\n<\/div>\n<\/div>\n\n<div class=\"fw-row\">\n\t\n<div class=\"sh-column sh-column-4af6cdefbc37f86773392478a32ba029 fw-col-xs-12\" >\n\n\t\n\t<div class=\"sh-column-wrapper\">\n\t\t\n<script>\njQuery(document).ready(function ($) {\n\tif( typeof Typed !== 'undefined' ) {\n\t\tvar typed = new Typed(\"#heading-animated-2a522fc8e53879aceb752503a8f85084 .sh-heading-animated-typed\", {\n\t\t\tstrings: [\"\u00bfC\u00f3mo llegar?\",\"\", ],\n\t\t\tcontentType: 'html',\n\t\t\ttypeSpeed: 0,\n\t\t\tloop: true,\n\t\t\tstartDelay: 300,\n\t\t\ttypeSpeed: 80,\n\t\t\tbackSpeed: 20,\n\t\t\tbackDelay: 700,\n\t\t});\n\t}\n});\n<\/script>\n\n<div class=\"sh-heading\" id=\"heading-animated-2a522fc8e53879aceb752503a8f85084\">\n\t<h3 class=\"sh-heading-content size-default sh-heading-animated-content\">\n\t\t\n\t\t<span class=\"sh-heading-animated-typed\"><\/span>\n\t<\/h3>\n<\/div>\n\t<\/div>\n\n\n\t\t\n\n<\/div>\n<\/div>\n\n<div class=\"fw-row\">\n\t\n<div class=\"sh-column sh-column-7b0a064eb8ef076218ec544b87deb3fd fw-col-xs-12 fw-col-sm-4\" >\n\n\t\n\t<div class=\"sh-column-wrapper\">\n\t\t\n<div id=\"single-image-678791d0cf03f8380eebe8f571a060ec\" class=\"sh-single-image  \">\n\t<div class=\"sh-element-margin\">\n\t\t\n\t\t\n\t\t\t<div class=\"sh-single-image-container\">\n\t\t\t\t\t\t\t\t\t\t\t\t\t\t\t<a href=\"\/\/www.esteticamundial.com\/congreso\/argentina\/wp-content\/uploads\/2024\/05\/Torre-exterior.jpg\" rel=\"lightbox\">\n\t\t\t\t\t\n\t\t\t\t\t\t\t\t\t\t\t\t\t<img decoding=\"async\" class=\"sh-image-url\" src=\"https:\/\/www.esteticamundial.com\/congreso\/argentina\/wp-content\/uploads\/2024\/05\/Torre-exterior-828x1024.jpg\" alt=\"Torre exterior\" \/>\n\t\t\t\t\t\t\t\t\t\t\t\t\t\n\t\t\t\t\t\t\t\t\t\t\t<\/a>\n\t\t\t\t\t\t\t\t\t\n\t\t\t\t\t\t\t<\/div>\n\n\t\t\n\t<\/div>\n<\/div>\n\t<\/div>\n\n\n\t\t\n\n<\/div>\n\n<div class=\"sh-column sh-column-7c13d589d009c844493c81f65435a12e fw-col-xs-12 fw-col-sm-8\" >\n\n\t\n\t<div class=\"sh-column-wrapper\">\n\t\t\n<div id=\"text-block-455b6e465aef37115368efc0d7e33462\" class=\"sh-text-block\">\n\t<p><iframe src=\"https:\/\/www.google.com\/maps\/embed?pb=!1m14!1m8!1m3!1d13620.136074224636!2d-64.2028138!3d-31.4131888!3m2!1i1024!2i768!4f13.1!3m3!1m2!1s0x9432988237cc0001%3A0x4cceab0d9d4d1c1b!2sHotel%20Quinto%20Centenario!5e0!3m2!1ses-419!2sar!4v1715347278990!5m2!1ses-419!2sar\" width=\"100%\" height=\"470\" style=\"border:0;\" allowfullscreen=\"\" loading=\"lazy\" referrerpolicy=\"no-referrer-when-downgrade\"><\/iframe><\/p><\/div>\n\t<\/div>\n\n\n\t\t\n\n<\/div>\n<\/div>\n\n<div class=\"fw-row\">\n\t\n<div class=\"sh-column sh-column-4af6cdefbc37f86773392478a32ba029 fw-col-xs-12\" >\n\n\t\n\t<div class=\"sh-column-wrapper\">\n\t\t\n<div class=\"sh-empty-space\" id=\"empty-space-732aedf190677bd16bc5465a9fd7e2ae\"><\/div>\n\t<\/div>\n\n\n\t\t\n\n<\/div>\n<\/div>\n\n\t<\/div>\n<\/section>\n\n","protected":false},"excerpt":{"rendered":"<p>Quinto Centenario Hotel se ubica a s\u00f3lo 10 cuadras del centro de C\u00f3rdoba, con f\u00e1cil acceso desde el Aeropuerto Internacional y desde la terminal de \u00f3mnibus. Conecta directamente con Nuevocentro Shopping, uno de los centros de compras m\u00e1s importantes de la ciudad.El centro de convenciones&#8230;<\/p>\n","protected":false},"author":1,"featured_media":0,"parent":0,"menu_order":0,"comment_status":"closed","ping_status":"closed","template":"","meta":{"footnotes":"","_links_to":"","_links_to_target":""},"class_list":["post-10124","page","type-page","status-publish","hentry"],"aioseo_notices":[],"_links":{"self":[{"href":"https:\/\/www.esteticamundial.com\/congreso\/argentina\/wp-json\/wp\/v2\/pages\/10124","targetHints":{"allow":["GET"]}}],"collection":[{"href":"https:\/\/www.esteticamundial.com\/congreso\/argentina\/wp-json\/wp\/v2\/pages"}],"about":[{"href":"https:\/\/www.esteticamundial.com\/congreso\/argentina\/wp-json\/wp\/v2\/types\/page"}],"author":[{"embeddable":true,"href":"https:\/\/www.esteticamundial.com\/congreso\/argentina\/wp-json\/wp\/v2\/users\/1"}],"replies":[{"embeddable":true,"href":"https:\/\/www.esteticamundial.com\/congreso\/argentina\/wp-json\/wp\/v2\/comments?post=10124"}],"version-history":[{"count":30,"href":"https:\/\/www.esteticamundial.com\/congreso\/argentina\/wp-json\/wp\/v2\/pages\/10124\/revisions"}],"predecessor-version":[{"id":24465,"href":"https:\/\/www.esteticamundial.com\/congreso\/argentina\/wp-json\/wp\/v2\/pages\/10124\/revisions\/24465"}],"wp:attachment":[{"href":"https:\/\/www.esteticamundial.com\/congreso\/argentina\/wp-json\/wp\/v2\/media?parent=10124"}],"curies":[{"name":"wp","href":"https:\/\/api.w.org\/{rel}","templated":true}]}}