{"id":14507,"date":"2022-05-12T04:27:02","date_gmt":"2022-05-12T04:27:02","guid":{"rendered":"https:\/\/www.esteticamundial.com\/congreso\/argentina\/?page_id=14507"},"modified":"2023-06-23T09:51:41","modified_gmt":"2023-06-23T09:51:41","slug":"turismo","status":"publish","type":"page","link":"https:\/\/www.esteticamundial.com\/congreso\/argentina\/turismo\/","title":{"rendered":"Turismo"},"content":{"rendered":"<p>\n<section class=\"sh-section sh-section-9abbab8ac01b4696bb10e9ea4982c49a fw-main-row sh-section-visibility-everywhere\">\n\t\t\t<div class=\"sh-section-overlay-9abbab8ac01b4696bb10e9ea4982c49a sh-section-overlay-front\"><\/div>\n\t\n\t\n\t<div class=\"sh-section-container container section-justify-height section-justify-height-only\">\n\t\t<div class=\"fw-row\">\n\t\n<div class=\"sh-column sh-column-941cf5fcdb3fd5159c43ce6ce3308ad9 fw-col-xs-12 fw-col-sm-8\" >\n\n\t\n\t<div class=\"sh-column-wrapper\">\n\t\t\n<div class=\"sh-heading  \" id=\"heading-b5c8b59ca548cb3cd6f7c17566abc833\">\n\t<div class=\"sh-element-margin\">\n\n\t\t\n\t\t\t<h2 class=\"sh-heading-content size-custom text-left\">\n\t\t\t\t\u00a1Descubr\u00ed C\u00f3rdoba!\t\t\t<\/h2>\n\n\t\t\n\t<\/div>\n<\/div>\n\n<div id=\"text-block-fce9594bcbe10e48df424a98ec118449\" class=\"sh-text-block\">\n\t<p>C\u00f3rdoba es una provincia tur\u00edstica por excelencia que te ofrece m\u00faltiples experiencias para disfrutar con todos los sentidos.<br \/>EST\u00c9TICA MUNDIAL 2023 te ofrece actividades tur\u00edsticas pensadas para vos, para tu familia, para tus compa\u00f1eras y compa\u00f1eros de viaje.<\/p><p><strong>\u00a1Descubr\u00ed las excursiones y actividades t\u00edpicas de la zona y aprovech\u00e1 al m\u00e1ximo tu estad\u00eda!<\/strong><\/p><\/div>\n\t<\/div>\n\n\n\t\t\n\n<\/div>\n\n<div class=\"sh-column sh-column-bf5ac09b3c11f3ff8e367611241533d4 fw-col-xs-12 fw-col-sm-4\" >\n\n\t\n\t<div class=\"sh-column-wrapper\">\n\t\t\n<div class=\"sh-heading  \" id=\"heading-78e1878c595ef0662c4f8cb5c8e20eba\">\n\t<div class=\"sh-element-margin\">\n\n\t\t\n\t\t\t<h2 class=\"sh-heading-content size-custom text-left\">\n\t\t\t\tExcursiones personalizadas\t\t\t<\/h2>\n\n\t\t\n\t<\/div>\n<\/div>\n\n<div id=\"text-block-b9f61771507f7a780b770f0135433398\" class=\"sh-text-block\">\n\t<p>Si te gustar\u00eda realizar una actividad en particular, o quer\u00e9s conocer lugares distintos a los tradicionales, no dudes en consultarnos.<\/p><\/div>\n\n<div id=\"button-adcdbdc7f186fb41eda1b8895f8edfe3\" class=\"sh-button-container  sh-button-style-1\">\n\t<div class=\"sh-element-margin\">\n\t\t<a href=\"#rutur\" target=\"_self\" class=\"sh-button sh-button-xlarge \">\n\n\t\t\t\n\t\t\t\t\t\t\t<span class=\"sh-button-text\">\n\t\t\t\t\tConsultar por excursiones personalizadas\t\t\t\t<\/span>\n\t\t\t\n\t\t\t\n\t\t<\/a>\n\t\t\t<\/div>\n<\/div>\n\t<\/div>\n\n\n\t\t\n\n<\/div>\n<\/div>\n\n\t<\/div>\n<\/section>\n\n<section class=\"sh-section sh-section-ac03a83e8855718987e2975f08ec9d09 fw-main-row sh-section-visibility-everywhere\" id=\"rutur\">\n\t\n\t\n\t<div class=\"sh-section-container container\">\n\t\t<div class=\"fw-row\">\n\t\n<div class=\"sh-column sh-column-72916887d23588fc532ebf22c73d1831 fw-col-xs-12\" >\n\n\t\n\t<div class=\"sh-column-wrapper\">\n\t\t\n<div id=\"text-block-6e7750bf3cc47b0f67c6ff33103160fe\" class=\"sh-text-block\">\n\t<div class=\"contact-info\"><div class=\"contact-info__item\" style=\"text-align: center;\"><strong>Para la contrataci\u00f3n de tours y otras actividades tur\u00edsticas sugerimos los servicios de:<\/strong><\/div><\/div><\/div>\n\t<\/div>\n\n\n\t\t\n\n<\/div>\n<\/div>\n\n<div class=\"fw-row\">\n\t\n<div class=\"sh-column sh-column-2d0504440dc832af7c99d59241d20052 fw-col-xs-12\" >\n\n\t\n\t<div class=\"sh-column-wrapper\">\n\t\t\n<div class=\"sh-heading  \" id=\"heading-3600c075630672abd35441a3aae50bb7\">\n\t<div class=\"sh-element-margin\">\n\n\t\t\n\t\t\t<h1 class=\"sh-heading-content size-custom text-center\">\n\t\t\t\tRutur Viajes\t\t\t<\/h1>\n\n\t\t\n\t<\/div>\n<\/div>\n\n<div class=\"sh-empty-space\" id=\"empty-space-8c44c596eb32c865fb215b84e14a54a8\"><\/div>\n\n<div id=\"text-block-ff3e65b3daf2cb1849e6e0e4be2cafde\" class=\"sh-text-block\">\n\t<p style=\"text-align: center;\">Tel\u00e9fono\/WhatsApp: +5493512461244<br \/>email: <a href=\"mailto:cesar.naretto@ruturviajes.com.ar\" target=\"_blank\" rel=\"noopener\">cesar.naretto@ruturviajes.com.ar<\/a><\/p><\/div>\n\t<\/div>\n\n\n\t\t\n\n<\/div>\n<\/div>\n\n\t<\/div>\n<\/section>\n\n<section class=\"sh-section sh-section-135e1337695ba37b18f12afced7abe8b fw-main-row sh-section-visibility-everywhere\">\n\t\n\t\n\t<div class=\"sh-section-container container\">\n\t\t<div class=\"fw-row\">\n\t\n<div class=\"sh-column sh-column-9a6bed268c050ffd1d7d397e20af8af6 fw-col-xs-12\" >\n\n\t\n\t<div class=\"sh-column-wrapper\">\n\t\t\n<div class=\"sh-heading  \" id=\"heading-45e47bf983782a801a939c3dedfbaf52\">\n\t<div class=\"sh-element-margin\">\n\n\t\t\n\t\t\t<span class=\"sh-heading-content size-default text-center\">\n\t\t\t\tT\u00c9RMINOS Y CONDICIONES\t\t\t<\/span>\n\n\t\t\n\t<\/div>\n<\/div>\n\n<div id=\"text-block-62777a002648e4077eee9ff908e97f3b\" class=\"sh-text-block\">\n\t<ul><li>En todos los casos, los servicios de traslado, turismo y hoteler\u00eda son externos y ajenos a Est\u00e9tica Mundial, por lo tanto no tenemos responsabilidad alguna sobre inconvenientes, incumplimientos o problemas derivados de la contrataci\u00f3n de dichos servicios. Toda responsabilidad al respecto corresponde a la empresa contratada en cada caso.<\/li><li>\u00a0En base a lo expuesto, no realizaremos reconocimientos ni reintegros de ning\u00fan tipo vinculados a los servicios de traslado, hoteler\u00eda y turismo, bajo ninguna circunstancia.<\/li><\/ul><\/div>\n\t<\/div>\n\n\n\t\t\n\n<\/div>\n<\/div>\n\n\t<\/div>\n<\/section>\n<\/p>\n","protected":false},"excerpt":{"rendered":"<p>\u00a1Descubr\u00ed C\u00f3rdoba! C\u00f3rdoba es una provincia tur\u00edstica por excelencia que te ofrece m\u00faltiples experiencias para disfrutar con todos los sentidos.EST\u00c9TICA MUNDIAL 2023 te ofrece actividades tur\u00edsticas pensadas para vos, para tu familia, para tus compa\u00f1eras y compa\u00f1eros de viaje.\u00a1Descubr\u00ed las excursiones y actividades t\u00edpicas de&#8230;<\/p>\n","protected":false},"author":1,"featured_media":0,"parent":0,"menu_order":0,"comment_status":"closed","ping_status":"closed","template":"","meta":{"footnotes":"","_links_to":"","_links_to_target":""},"class_list":["post-14507","page","type-page","status-publish","hentry"],"aioseo_notices":[],"_links":{"self":[{"href":"https:\/\/www.esteticamundial.com\/congreso\/argentina\/wp-json\/wp\/v2\/pages\/14507","targetHints":{"allow":["GET"]}}],"collection":[{"href":"https:\/\/www.esteticamundial.com\/congreso\/argentina\/wp-json\/wp\/v2\/pages"}],"about":[{"href":"https:\/\/www.esteticamundial.com\/congreso\/argentina\/wp-json\/wp\/v2\/types\/page"}],"author":[{"embeddable":true,"href":"https:\/\/www.esteticamundial.com\/congreso\/argentina\/wp-json\/wp\/v2\/users\/1"}],"replies":[{"embeddable":true,"href":"https:\/\/www.esteticamundial.com\/congreso\/argentina\/wp-json\/wp\/v2\/comments?post=14507"}],"version-history":[{"count":35,"href":"https:\/\/www.esteticamundial.com\/congreso\/argentina\/wp-json\/wp\/v2\/pages\/14507\/revisions"}],"predecessor-version":[{"id":16990,"href":"https:\/\/www.esteticamundial.com\/congreso\/argentina\/wp-json\/wp\/v2\/pages\/14507\/revisions\/16990"}],"wp:attachment":[{"href":"https:\/\/www.esteticamundial.com\/congreso\/argentina\/wp-json\/wp\/v2\/media?parent=14507"}],"curies":[{"name":"wp","href":"https:\/\/api.w.org\/{rel}","templated":true}]}}