{"id":20104,"date":"2024-08-15T15:24:30","date_gmt":"2024-08-15T15:24:30","guid":{"rendered":"https:\/\/www.esteticamundial.com\/congreso\/argentina\/?page_id=20104"},"modified":"2024-08-15T22:10:20","modified_gmt":"2024-08-15T22:10:20","slug":"novedades","status":"publish","type":"page","link":"https:\/\/www.esteticamundial.com\/congreso\/argentina\/novedades\/","title":{"rendered":"Novedades"},"content":{"rendered":"\n<section class=\"sh-section sh-section-7212135a8313eb77e694fb9fa7f09cd3 fw-main-row sh-section-visibility-everywhere\">\n\t\n\t\n\t<div class=\"sh-section-container container\">\n\t\t<div class=\"fw-row\">\n\t\n<div class=\"sh-column sh-column-7f43809618749539a84a494478817d12 fw-col-xs-12\" >\n\n\t\n\t<div class=\"sh-column-wrapper\">\n\t\t\n\n\n\n<div class=\"sh-recent-posts sh-recent-posts-carousel\" id=\"recent-posts-3ee4b2f0a155dbf3859889a81e25a25b\" data-id=\"3\">\n\n\t\t\n\t<div class=\"sh-group blog-list blog-style-masonry masonry-shadow sh-recent-posts-list-carousel\">\n\t\t\n\t<article id=\"post-20498\" class=\"post-item post-20498 post type-post status-publish format-standard has-post-thumbnail hentry category-novedades\">\n\t\t<div class=\"post-container\">\n\t\t\t\n\t\t\t<div class=\"post-meta-thumb\">\n\t\t\t\t\n\t\t\t\t\t\t\t\t\t<img loading=\"lazy\" decoding=\"async\" width=\"1024\" height=\"614\" src=\"https:\/\/www.esteticamundial.com\/congreso\/argentina\/wp-content\/uploads\/2024\/09\/QC-para-novedades-1024x614.jpg\" class=\"attachment-large size-large wp-post-image\" alt=\"\" srcset=\"https:\/\/www.esteticamundial.com\/congreso\/argentina\/wp-content\/uploads\/2024\/09\/QC-para-novedades-1024x614.jpg 1024w, https:\/\/www.esteticamundial.com\/congreso\/argentina\/wp-content\/uploads\/2024\/09\/QC-para-novedades-300x180.jpg 300w, https:\/\/www.esteticamundial.com\/congreso\/argentina\/wp-content\/uploads\/2024\/09\/QC-para-novedades-768x461.jpg 768w, https:\/\/www.esteticamundial.com\/congreso\/argentina\/wp-content\/uploads\/2024\/09\/QC-para-novedades-600x360.jpg 600w, https:\/\/www.esteticamundial.com\/congreso\/argentina\/wp-content\/uploads\/2024\/09\/QC-para-novedades.jpg 1500w\" sizes=\"auto, (max-width: 1024px) 100vw, 1024px\" \/>\t\t\t\t\n\t\t\t\t\n        <div class=\"sh-overlay-style1\">\n            <div class=\"sh-table-full\">\n                                    <a href=\"https:\/\/www.esteticamundial.com\/congreso\/argentina\/20-off-en-alojamiento\/\" class=\"sh-overlay-item sh-table-cell\">\n                        <div class=\"sh-overlay-item-container\">\n                            <i class=\"icon-link\"><\/i>\n                        <\/div>\n                    <\/a>\n                \n                                    <a href=\"https:\/\/www.esteticamundial.com\/congreso\/argentina\/wp-content\/uploads\/2024\/09\/QC-para-novedades-1024x614.jpg\" class=\"sh-overlay-item sh-table-cell\" data-rel=\"lightcase\">\n                        <div class=\"sh-overlay-item-container\">\n                            <i class=\"icon-magnifier-add\"><\/i>\n                        <\/div>\n                    <\/a>\n                            <\/div>\n        <\/div>\n\n    \t\t\t<\/div>\n\n\t\t\t<div class=\"post-content-container\">\n\t\t\t\t<a href=\"https:\/\/www.esteticamundial.com\/congreso\/argentina\/20-off-en-alojamiento\/\" class=\"post-title\">\n\t\t\t\t\t<h2>\n\t\t\t\t\t\t\t\t\t\t\t\t\u00a120% Off en alojamiento!\t\t\t\t\t<\/h2>\n\t\t\t\t<\/a>\n\n\t\t\t\t<div class=\"post-meta post-meta-one\">\n\t\t\t\t\t\n        <span class=\"post-meta-author\">\n            by            <a href=\"https:\/\/www.esteticamundial.com\/congreso\/argentina\/author\/admin\/\" class=\"bypostauthor\">\n                admin            <\/a>\n        <\/span>\n\n                    <a href=\"https:\/\/www.esteticamundial.com\/congreso\/argentina\/20-off-en-alojamiento\/\" class=\"post-meta-date sh-default-color\">5 mayo, 2025<\/a>\n        \n    \t\t\t\t<\/div>\n\n\t\t\t\t<div class=\"post-content\">\n\t\t\t\t\t<p>Tarifa especial del hotel sede del congreso para nuestros congresistas: \u00a120% sobre las tarifas publicadas en la web del hotel!<\/p>\n\t\t\t\t<\/div>\n\n\t\t\t\t<div class=\"post-meta post-meta-two\">\n\t\t\t\t\t\n        <div class=\"sh-columns post-meta-comments\">\n            <span class=\"post-meta-categories\">\n                <i class=\"icon-tag\"><\/i>\n                <a href=\"https:\/\/www.esteticamundial.com\/congreso\/argentina\/category\/novedades\/\">Novedades<\/a>            <\/span>\n\n                            <div><\/div>\n                    <\/div>\n\n    \t\t\t\t<\/div>\n\t\t\t<\/div>\n\n\t\t<\/div>\n\t<\/article>\n\n\n\n\t<article id=\"post-20523\" class=\"post-item post-20523 post type-post status-publish format-standard has-post-thumbnail hentry category-novedades\">\n\t\t<div class=\"post-container\">\n\t\t\t\n\t\t\t<div class=\"post-meta-thumb\">\n\t\t\t\t\n\t\t\t\t\t\t\t\t\t<img loading=\"lazy\" decoding=\"async\" width=\"1024\" height=\"614\" src=\"https:\/\/www.esteticamundial.com\/congreso\/argentina\/wp-content\/uploads\/2024\/09\/pagocontarjeta-1024x614.jpg\" class=\"attachment-large size-large wp-post-image\" alt=\"\" srcset=\"https:\/\/www.esteticamundial.com\/congreso\/argentina\/wp-content\/uploads\/2024\/09\/pagocontarjeta-1024x614.jpg 1024w, https:\/\/www.esteticamundial.com\/congreso\/argentina\/wp-content\/uploads\/2024\/09\/pagocontarjeta-300x180.jpg 300w, https:\/\/www.esteticamundial.com\/congreso\/argentina\/wp-content\/uploads\/2024\/09\/pagocontarjeta-768x461.jpg 768w, https:\/\/www.esteticamundial.com\/congreso\/argentina\/wp-content\/uploads\/2024\/09\/pagocontarjeta-600x360.jpg 600w, https:\/\/www.esteticamundial.com\/congreso\/argentina\/wp-content\/uploads\/2024\/09\/pagocontarjeta.jpg 1500w\" sizes=\"auto, (max-width: 1024px) 100vw, 1024px\" \/>\t\t\t\t\n\t\t\t\t\n        <div class=\"sh-overlay-style1\">\n            <div class=\"sh-table-full\">\n                                    <a href=\"https:\/\/www.esteticamundial.com\/congreso\/argentina\/inscripciones-en-sede\/\" class=\"sh-overlay-item sh-table-cell\">\n                        <div class=\"sh-overlay-item-container\">\n                            <i class=\"icon-link\"><\/i>\n                        <\/div>\n                    <\/a>\n                \n                                    <a href=\"https:\/\/www.esteticamundial.com\/congreso\/argentina\/wp-content\/uploads\/2024\/09\/pagocontarjeta-1024x614.jpg\" class=\"sh-overlay-item sh-table-cell\" data-rel=\"lightcase\">\n                        <div class=\"sh-overlay-item-container\">\n                            <i class=\"icon-magnifier-add\"><\/i>\n                        <\/div>\n                    <\/a>\n                            <\/div>\n        <\/div>\n\n    \t\t\t<\/div>\n\n\t\t\t<div class=\"post-content-container\">\n\t\t\t\t<a href=\"https:\/\/www.esteticamundial.com\/congreso\/argentina\/inscripciones-en-sede\/\" class=\"post-title\">\n\t\t\t\t\t<h2>\n\t\t\t\t\t\t\t\t\t\t\t\tInscripciones en sede\t\t\t\t\t<\/h2>\n\t\t\t\t<\/a>\n\n\t\t\t\t<div class=\"post-meta post-meta-one\">\n\t\t\t\t\t\n        <span class=\"post-meta-author\">\n            by            <a href=\"https:\/\/www.esteticamundial.com\/congreso\/argentina\/author\/admin\/\" class=\"bypostauthor\">\n                admin            <\/a>\n        <\/span>\n\n                    <a href=\"https:\/\/www.esteticamundial.com\/congreso\/argentina\/inscripciones-en-sede\/\" class=\"post-meta-date sh-default-color\">19 septiembre, 2024<\/a>\n        \n    \t\t\t\t<\/div>\n\n\t\t\t\t<div class=\"post-content\">\n\t\t\t\t\t<p>\u00a1Todav\u00eda est\u00e1s a tiempo! Te esperamos el s\u00e1bado a las 07:30 hs para que puedas sumarte a EM 2024. Consult\u00e1 los medios de pago en la pesta\u00f1a de inscripciones de esta p\u00e1gina web.<\/p>\n\t\t\t\t<\/div>\n\n\t\t\t\t<div class=\"post-meta post-meta-two\">\n\t\t\t\t\t\n        <div class=\"sh-columns post-meta-comments\">\n            <span class=\"post-meta-categories\">\n                <i class=\"icon-tag\"><\/i>\n                <a href=\"https:\/\/www.esteticamundial.com\/congreso\/argentina\/category\/novedades\/\">Novedades<\/a>            <\/span>\n\n                            <div><\/div>\n                    <\/div>\n\n    \t\t\t\t<\/div>\n\t\t\t<\/div>\n\n\t\t<\/div>\n\t<\/article>\n\n\n\n\t<article id=\"post-20125\" class=\"post-item post-20125 post type-post status-publish format-standard has-post-thumbnail hentry category-novedades\">\n\t\t<div class=\"post-container\">\n\t\t\t\n\t\t\t<div class=\"post-meta-thumb\">\n\t\t\t\t\n\t\t\t\t\t\t\t\t\t<img loading=\"lazy\" decoding=\"async\" width=\"1024\" height=\"614\" src=\"https:\/\/www.esteticamundial.com\/congreso\/argentina\/wp-content\/uploads\/2024\/08\/Kenzo-novedades-web-1024x614.png\" class=\"attachment-large size-large wp-post-image\" alt=\"\" srcset=\"https:\/\/www.esteticamundial.com\/congreso\/argentina\/wp-content\/uploads\/2024\/08\/Kenzo-novedades-web-1024x614.png 1024w, https:\/\/www.esteticamundial.com\/congreso\/argentina\/wp-content\/uploads\/2024\/08\/Kenzo-novedades-web-300x180.png 300w, https:\/\/www.esteticamundial.com\/congreso\/argentina\/wp-content\/uploads\/2024\/08\/Kenzo-novedades-web-768x461.png 768w, https:\/\/www.esteticamundial.com\/congreso\/argentina\/wp-content\/uploads\/2024\/08\/Kenzo-novedades-web-600x360.png 600w, https:\/\/www.esteticamundial.com\/congreso\/argentina\/wp-content\/uploads\/2024\/08\/Kenzo-novedades-web.png 1500w\" sizes=\"auto, (max-width: 1024px) 100vw, 1024px\" \/>\t\t\t\t\n\t\t\t\t\n        <div class=\"sh-overlay-style1\">\n            <div class=\"sh-table-full\">\n                                    <a href=\"https:\/\/www.esteticamundial.com\/congreso\/argentina\/homenaje-a-kenzo-kase\/\" class=\"sh-overlay-item sh-table-cell\">\n                        <div class=\"sh-overlay-item-container\">\n                            <i class=\"icon-link\"><\/i>\n                        <\/div>\n                    <\/a>\n                \n                                    <a href=\"https:\/\/www.esteticamundial.com\/congreso\/argentina\/wp-content\/uploads\/2024\/08\/Kenzo-novedades-web-1024x614.png\" class=\"sh-overlay-item sh-table-cell\" data-rel=\"lightcase\">\n                        <div class=\"sh-overlay-item-container\">\n                            <i class=\"icon-magnifier-add\"><\/i>\n                        <\/div>\n                    <\/a>\n                            <\/div>\n        <\/div>\n\n    \t\t\t<\/div>\n\n\t\t\t<div class=\"post-content-container\">\n\t\t\t\t<a href=\"https:\/\/www.esteticamundial.com\/congreso\/argentina\/homenaje-a-kenzo-kase\/\" class=\"post-title\">\n\t\t\t\t\t<h2>\n\t\t\t\t\t\t\t\t\t\t\t\tHomenaje a Kenzo Kase\t\t\t\t\t<\/h2>\n\t\t\t\t<\/a>\n\n\t\t\t\t<div class=\"post-meta post-meta-one\">\n\t\t\t\t\t\n        <span class=\"post-meta-author\">\n            by            <a href=\"https:\/\/www.esteticamundial.com\/congreso\/argentina\/author\/admin\/\" class=\"bypostauthor\">\n                admin            <\/a>\n        <\/span>\n\n                    <a href=\"https:\/\/www.esteticamundial.com\/congreso\/argentina\/homenaje-a-kenzo-kase\/\" class=\"post-meta-date sh-default-color\">15 agosto, 2024<\/a>\n        \n    \t\t\t\t<\/div>\n\n\t\t\t\t<div class=\"post-content\">\n\t\t\t\t\t<p>A poco m\u00e1s de un a\u00f1o de su partida f\u00edsica, Est\u00e9tica Mundial 2024 le brindar\u00e1 un merecido homenaje al Dr. Kenzo Kase, referente internacional y creador del Kinesio Taping Therapy.<\/p>\n\t\t\t\t<\/div>\n\n\t\t\t\t<div class=\"post-meta post-meta-two\">\n\t\t\t\t\t\n        <div class=\"sh-columns post-meta-comments\">\n            <span class=\"post-meta-categories\">\n                <i class=\"icon-tag\"><\/i>\n                <a href=\"https:\/\/www.esteticamundial.com\/congreso\/argentina\/category\/novedades\/\">Novedades<\/a>            <\/span>\n\n                            <div><\/div>\n                    <\/div>\n\n    \t\t\t\t<\/div>\n\t\t\t<\/div>\n\n\t\t<\/div>\n\t<\/article>\n\n\n\n\t<article id=\"post-20127\" class=\"post-item post-20127 post type-post status-publish format-standard has-post-thumbnail hentry category-novedades\">\n\t\t<div class=\"post-container\">\n\t\t\t\n\t\t\t<div class=\"post-meta-thumb\">\n\t\t\t\t\n\t\t\t\t\t\t\t\t\t<img loading=\"lazy\" decoding=\"async\" width=\"1024\" height=\"614\" src=\"https:\/\/www.esteticamundial.com\/congreso\/argentina\/wp-content\/uploads\/2024\/08\/DJI_0116_2-1024x614.jpg\" class=\"attachment-large size-large wp-post-image\" alt=\"\" srcset=\"https:\/\/www.esteticamundial.com\/congreso\/argentina\/wp-content\/uploads\/2024\/08\/DJI_0116_2-1024x614.jpg 1024w, https:\/\/www.esteticamundial.com\/congreso\/argentina\/wp-content\/uploads\/2024\/08\/DJI_0116_2-300x180.jpg 300w, https:\/\/www.esteticamundial.com\/congreso\/argentina\/wp-content\/uploads\/2024\/08\/DJI_0116_2-768x461.jpg 768w, https:\/\/www.esteticamundial.com\/congreso\/argentina\/wp-content\/uploads\/2024\/08\/DJI_0116_2-600x360.jpg 600w, https:\/\/www.esteticamundial.com\/congreso\/argentina\/wp-content\/uploads\/2024\/08\/DJI_0116_2.jpg 1500w\" sizes=\"auto, (max-width: 1024px) 100vw, 1024px\" \/>\t\t\t\t\n\t\t\t\t\n        <div class=\"sh-overlay-style1\">\n            <div class=\"sh-table-full\">\n                                    <a href=\"https:\/\/www.esteticamundial.com\/congreso\/argentina\/espectacular-sorteo\/\" class=\"sh-overlay-item sh-table-cell\">\n                        <div class=\"sh-overlay-item-container\">\n                            <i class=\"icon-link\"><\/i>\n                        <\/div>\n                    <\/a>\n                \n                                    <a href=\"https:\/\/www.esteticamundial.com\/congreso\/argentina\/wp-content\/uploads\/2024\/08\/DJI_0116_2-1024x614.jpg\" class=\"sh-overlay-item sh-table-cell\" data-rel=\"lightcase\">\n                        <div class=\"sh-overlay-item-container\">\n                            <i class=\"icon-magnifier-add\"><\/i>\n                        <\/div>\n                    <\/a>\n                            <\/div>\n        <\/div>\n\n    \t\t\t<\/div>\n\n\t\t\t<div class=\"post-content-container\">\n\t\t\t\t<a href=\"https:\/\/www.esteticamundial.com\/congreso\/argentina\/espectacular-sorteo\/\" class=\"post-title\">\n\t\t\t\t\t<h2>\n\t\t\t\t\t\t\t\t\t\t\t\t\u00a1Espectacular sorteo!\t\t\t\t\t<\/h2>\n\t\t\t\t<\/a>\n\n\t\t\t\t<div class=\"post-meta post-meta-one\">\n\t\t\t\t\t\n        <span class=\"post-meta-author\">\n            by            <a href=\"https:\/\/www.esteticamundial.com\/congreso\/argentina\/author\/admin\/\" class=\"bypostauthor\">\n                admin            <\/a>\n        <\/span>\n\n                    <a href=\"https:\/\/www.esteticamundial.com\/congreso\/argentina\/espectacular-sorteo\/\" class=\"post-meta-date sh-default-color\">15 agosto, 2024<\/a>\n        \n    \t\t\t\t<\/div>\n\n\t\t\t\t<div class=\"post-content\">\n\t\t\t\t\t<p>Como siempre, el cierre de nuestro congreso se vestir\u00e1 de fiesta y color en el incre\u00edble sorteo final, con espectaculares premios. \u00bfQui\u00e9n ganar\u00e1 este a\u00f1o la estad\u00eda para dos personas en La Posada del Qenti?<\/p>\n\t\t\t\t<\/div>\n\n\t\t\t\t<div class=\"post-meta post-meta-two\">\n\t\t\t\t\t\n        <div class=\"sh-columns post-meta-comments\">\n            <span class=\"post-meta-categories\">\n                <i class=\"icon-tag\"><\/i>\n                <a href=\"https:\/\/www.esteticamundial.com\/congreso\/argentina\/category\/novedades\/\">Novedades<\/a>            <\/span>\n\n                            <div><\/div>\n                    <\/div>\n\n    \t\t\t\t<\/div>\n\t\t\t<\/div>\n\n\t\t<\/div>\n\t<\/article>\n\n\n\n\t<article id=\"post-20101\" class=\"post-item post-20101 post type-post status-publish format-standard has-post-thumbnail hentry category-novedades\">\n\t\t<div class=\"post-container\">\n\t\t\t\n\t\t\t<div class=\"post-meta-thumb\">\n\t\t\t\t\n\t\t\t\t\t\t\t\t\t<img loading=\"lazy\" decoding=\"async\" width=\"1024\" height=\"614\" src=\"https:\/\/www.esteticamundial.com\/congreso\/argentina\/wp-content\/uploads\/2024\/08\/Pons-Yvette-2024-4-e1723758690221-1024x614.jpg\" class=\"attachment-large size-large wp-post-image\" alt=\"\" srcset=\"https:\/\/www.esteticamundial.com\/congreso\/argentina\/wp-content\/uploads\/2024\/08\/Pons-Yvette-2024-4-e1723758690221-1024x614.jpg 1024w, https:\/\/www.esteticamundial.com\/congreso\/argentina\/wp-content\/uploads\/2024\/08\/Pons-Yvette-2024-4-e1723758690221-300x180.jpg 300w, https:\/\/www.esteticamundial.com\/congreso\/argentina\/wp-content\/uploads\/2024\/08\/Pons-Yvette-2024-4-e1723758690221-768x461.jpg 768w, https:\/\/www.esteticamundial.com\/congreso\/argentina\/wp-content\/uploads\/2024\/08\/Pons-Yvette-2024-4-e1723758690221-600x360.jpg 600w, https:\/\/www.esteticamundial.com\/congreso\/argentina\/wp-content\/uploads\/2024\/08\/Pons-Yvette-2024-4-e1723758690221.jpg 1500w\" sizes=\"auto, (max-width: 1024px) 100vw, 1024px\" \/>\t\t\t\t\n\t\t\t\t\n        <div class=\"sh-overlay-style1\">\n            <div class=\"sh-table-full\">\n                                    <a href=\"https:\/\/www.esteticamundial.com\/congreso\/argentina\/bienvenida-yvette-pons\/\" class=\"sh-overlay-item sh-table-cell\">\n                        <div class=\"sh-overlay-item-container\">\n                            <i class=\"icon-link\"><\/i>\n                        <\/div>\n                    <\/a>\n                \n                                    <a href=\"https:\/\/www.esteticamundial.com\/congreso\/argentina\/wp-content\/uploads\/2024\/08\/Pons-Yvette-2024-4-e1723758690221-1024x614.jpg\" class=\"sh-overlay-item sh-table-cell\" data-rel=\"lightcase\">\n                        <div class=\"sh-overlay-item-container\">\n                            <i class=\"icon-magnifier-add\"><\/i>\n                        <\/div>\n                    <\/a>\n                            <\/div>\n        <\/div>\n\n    \t\t\t<\/div>\n\n\t\t\t<div class=\"post-content-container\">\n\t\t\t\t<a href=\"https:\/\/www.esteticamundial.com\/congreso\/argentina\/bienvenida-yvette-pons\/\" class=\"post-title\">\n\t\t\t\t\t<h2>\n\t\t\t\t\t\t\t\t\t\t\t\t\u00a1Bienvenida Yvette Pons!\t\t\t\t\t<\/h2>\n\t\t\t\t<\/a>\n\n\t\t\t\t<div class=\"post-meta post-meta-one\">\n\t\t\t\t\t\n        <span class=\"post-meta-author\">\n            by            <a href=\"https:\/\/www.esteticamundial.com\/congreso\/argentina\/author\/admin\/\" class=\"bypostauthor\">\n                admin            <\/a>\n        <\/span>\n\n                    <a href=\"https:\/\/www.esteticamundial.com\/congreso\/argentina\/bienvenida-yvette-pons\/\" class=\"post-meta-date sh-default-color\">15 agosto, 2024<\/a>\n        \n    \t\t\t\t<\/div>\n\n\t\t\t\t<div class=\"post-content\">\n\t\t\t\t\t<p>Este a\u00f1o nos acompa\u00f1ar\u00e1 nuevamente la reconocida cosmiatra espa\u00f1ola Yvette Pons, con 33 a\u00f1os de trayectoria, cuyas t\u00e9cnicas han sido galardonadas en Europa. \u00a1Seguimos sumando prestigio!<\/p>\n\t\t\t\t<\/div>\n\n\t\t\t\t<div class=\"post-meta post-meta-two\">\n\t\t\t\t\t\n        <div class=\"sh-columns post-meta-comments\">\n            <span class=\"post-meta-categories\">\n                <i class=\"icon-tag\"><\/i>\n                <a href=\"https:\/\/www.esteticamundial.com\/congreso\/argentina\/category\/novedades\/\">Novedades<\/a>            <\/span>\n\n                            <div><\/div>\n                    <\/div>\n\n    \t\t\t\t<\/div>\n\t\t\t<\/div>\n\n\t\t<\/div>\n\t<\/article>\n\n\n\t<\/div>\n\n\t<\/div>\n\t<\/div>\n\n\n\t\t\n\n<\/div>\n<\/div>\n\n\t<\/div>\n<\/section>\n\n","protected":false},"excerpt":{"rendered":"<p>Este a\u00f1o nos acompa\u00f1ar\u00e1 nuevamente la reconocida cosmiatra espa\u00f1ola Yvette Pons, con 33 a\u00f1os de trayectoria, cuyas t\u00e9cnicas han sido galardonadas en Europa. \u00a1Seguimos sumando prestigio!<\/p>\n","protected":false},"author":1,"featured_media":0,"parent":0,"menu_order":0,"comment_status":"closed","ping_status":"closed","template":"","meta":{"footnotes":"","_links_to":"","_links_to_target":""},"class_list":["post-20104","page","type-page","status-publish","hentry"],"aioseo_notices":[],"_links":{"self":[{"href":"https:\/\/www.esteticamundial.com\/congreso\/argentina\/wp-json\/wp\/v2\/pages\/20104","targetHints":{"allow":["GET"]}}],"collection":[{"href":"https:\/\/www.esteticamundial.com\/congreso\/argentina\/wp-json\/wp\/v2\/pages"}],"about":[{"href":"https:\/\/www.esteticamundial.com\/congreso\/argentina\/wp-json\/wp\/v2\/types\/page"}],"author":[{"embeddable":true,"href":"https:\/\/www.esteticamundial.com\/congreso\/argentina\/wp-json\/wp\/v2\/users\/1"}],"replies":[{"embeddable":true,"href":"https:\/\/www.esteticamundial.com\/congreso\/argentina\/wp-json\/wp\/v2\/comments?post=20104"}],"version-history":[{"count":8,"href":"https:\/\/www.esteticamundial.com\/congreso\/argentina\/wp-json\/wp\/v2\/pages\/20104\/revisions"}],"predecessor-version":[{"id":20135,"href":"https:\/\/www.esteticamundial.com\/congreso\/argentina\/wp-json\/wp\/v2\/pages\/20104\/revisions\/20135"}],"wp:attachment":[{"href":"https:\/\/www.esteticamundial.com\/congreso\/argentina\/wp-json\/wp\/v2\/media?parent=20104"}],"curies":[{"name":"wp","href":"https:\/\/api.w.org\/{rel}","templated":true}]}}