{"id":24337,"date":"2025-09-24T15:39:18","date_gmt":"2025-09-24T15:39:18","guid":{"rendered":"https:\/\/www.esteticamundial.com\/congreso\/argentina\/?page_id=24337"},"modified":"2025-09-30T13:03:35","modified_gmt":"2025-09-30T13:03:35","slug":"descarga-de-certificados-edicion-2025","status":"publish","type":"page","link":"https:\/\/www.esteticamundial.com\/congreso\/argentina\/descarga-de-certificados-edicion-2025\/","title":{"rendered":"Descarga de certificados edici\u00f3n 2025"},"content":{"rendered":"\n<p><strong>Pod\u00e9s buscar tu certificado de dos formas:<\/strong><\/p>\n\n\n\n<ul class=\"wp-block-list\">\n<li>Por Nombre (tal cual como lo detallaste en tu inscripci\u00f3n).<\/li>\n\n\n\n<li>Por Apellido (tal cual como lo detallaste en tu inscripci\u00f3n).<\/li>\n<\/ul>\n\n\n\n<div style=\"height:30px\" aria-hidden=\"true\" class=\"wp-block-spacer\"><\/div>\n\n\n\n<p class=\"has-black-color has-text-color\"><strong>Ingres\u00e1 cualquiera de estos datos y luego hac\u00e9 click en \u00abBuscar\u00bb:<\/strong><\/p>\n\n\n\n<form method=\"post\">\n  <input type=\"text\" name=\"search_file_2025\" placeholder=\"Escriba aqu\u00ed\" style=\"text-transform: uppercase;\">\n  <input type=\"submit\" value=\"Buscar\">\n<\/form>\n\n\n\n<div style=\"height:15px\" aria-hidden=\"true\" class=\"wp-block-spacer\"><\/div>\n\n\n\n<p class=\"has-luminous-vivid-orange-color has-text-color\"><strong><strong>Los resultados se mostrar\u00e1n debajo de este cuadro de b\u00fasqueda<\/strong><\/strong><\/p>\n\n\n\n<div style=\"height:30px\" aria-hidden=\"true\" class=\"wp-block-spacer\"><\/div>\n\n\n\n\n\n\n<div style=\"height:125px\" aria-hidden=\"true\" class=\"wp-block-spacer\"><\/div>\n","protected":false},"excerpt":{"rendered":"<p>Pod\u00e9s buscar tu certificado de dos formas: Por Nombre (tal cual como lo detallaste en tu inscripci\u00f3n). Por Apellido (tal cual como lo detallaste en tu inscripci\u00f3n). Ingres\u00e1 cualquiera de estos datos y luego hac\u00e9 click en \u00abBuscar\u00bb: Los resultados se mostrar\u00e1n debajo de este&#8230;<\/p>\n","protected":false},"author":1,"featured_media":0,"parent":0,"menu_order":0,"comment_status":"closed","ping_status":"closed","template":"","meta":{"footnotes":"","_links_to":"","_links_to_target":""},"class_list":["post-24337","page","type-page","status-publish","hentry"],"aioseo_notices":[],"_links":{"self":[{"href":"https:\/\/www.esteticamundial.com\/congreso\/argentina\/wp-json\/wp\/v2\/pages\/24337","targetHints":{"allow":["GET"]}}],"collection":[{"href":"https:\/\/www.esteticamundial.com\/congreso\/argentina\/wp-json\/wp\/v2\/pages"}],"about":[{"href":"https:\/\/www.esteticamundial.com\/congreso\/argentina\/wp-json\/wp\/v2\/types\/page"}],"author":[{"embeddable":true,"href":"https:\/\/www.esteticamundial.com\/congreso\/argentina\/wp-json\/wp\/v2\/users\/1"}],"replies":[{"embeddable":true,"href":"https:\/\/www.esteticamundial.com\/congreso\/argentina\/wp-json\/wp\/v2\/comments?post=24337"}],"version-history":[{"count":4,"href":"https:\/\/www.esteticamundial.com\/congreso\/argentina\/wp-json\/wp\/v2\/pages\/24337\/revisions"}],"predecessor-version":[{"id":24345,"href":"https:\/\/www.esteticamundial.com\/congreso\/argentina\/wp-json\/wp\/v2\/pages\/24337\/revisions\/24345"}],"wp:attachment":[{"href":"https:\/\/www.esteticamundial.com\/congreso\/argentina\/wp-json\/wp\/v2\/media?parent=24337"}],"curies":[{"name":"wp","href":"https:\/\/api.w.org\/{rel}","templated":true}]}}