{"id":261,"date":"2014-03-26T06:06:43","date_gmt":"2014-03-26T06:06:43","guid":{"rendered":"https:\/\/www.esteticamundial.com\/congreso\/argentina\/?page_id=261"},"modified":"2024-09-19T19:10:06","modified_gmt":"2024-09-19T19:10:06","slug":"inscripciones-multidisciplinario","status":"publish","type":"page","link":"https:\/\/www.esteticamundial.com\/congreso\/argentina\/inscripciones-multidisciplinario\/","title":{"rendered":"Inscripciones Congreso Multidisciplinario"},"content":{"rendered":"<p>\n<section class=\"sh-section sh-section-5589223b1aa71ef6d00c5a2bd02d33d8 fw-main-row sh-section-visibility-everywhere\">\n\t\n\t\n\t<div class=\"sh-section-container container-fluid section-justify-height\">\n\t\t<div class=\"fw-row\">\n\t\n<div class=\"sh-column sh-column-14a986491460042f4900b3e6f612e5e4 fw-col-xs-12 sh-column-mobile-padding sh-animated fadeInLeft\" data-wow-duration=\"2s\">\n\n\t\n\t<div class=\"sh-column-wrapper\">\n\t\t\n\n\t<div class=\"sh-heading sh-heading-style1\" id=\"heading-fa3b8307553f801aef6cd10b8fc793e4\">\n\t\t<h2 class=\"sh-heading-content size-l\">\n\t\t\t<span style=\"text-align: center;\"><strong>Congreso Multidisciplinario<\/strong><\/span>\t\t<\/h2>\n\t<\/div>\n\n\n\n\t<div class=\"sh-heading sh-heading-style1\" id=\"heading-965862264e11b347f0089cf7cf48761d\">\n\t\t<h5 class=\"sh-heading-content size-default\">\n\t\t\t<span style=\"text-align: center;\">Destinado a profesionales no m\u00e9dicos, auxiliares, colaboradores y\/o que act\u00faan bajo prescripci\u00f3n y supervisi\u00f3n m\u00e9dica, todos habilitados legalmente<\/span>\t\t<\/h5>\n\t<\/div>\n\n\n<div class=\"sh-empty-space\" id=\"empty-space-1c568b9346519e86c253abaeb7b06956\"><\/div>\n\t<\/div>\n\n\n\t\t\n\n<\/div>\n<\/div>\n\n\t<\/div>\n<\/section>\n\n<section class=\"sh-section sh-section-be8ebccefbfd15d162112237d2b1d07c fw-main-row sh-section-visibility-everywhere\">\n\t\n\t\n\t<div class=\"sh-section-container container-fluid section-justify-height\">\n\t\t<div class=\"fw-row\">\n\t\n<div class=\"sh-column sh-column-b3ae151d4e8eda5789e858eae0620545 fw-col-xs-12\" >\n\n\t\n\t<div class=\"sh-column-wrapper\">\n\t\t\n<div class=\"sh-empty-space\" id=\"empty-space-1e719f3ff2c38eeb710503a7ef0353c7\"><\/div>\n\t<\/div>\n\n\n\t\t\n\n<\/div>\n<\/div>\n\n<div class=\"fw-row\">\n\t\n<div class=\"sh-column sh-column-3b2a0253ece87fe2f2958ffdb1ddb057 fw-col-xs-12 fw-col-sm-6 borde-precios\" >\n\n\t\n\t<div class=\"sh-column-wrapper\">\n\t\t\n<div id=\"text-block-c24d1c58a08433a118aba9013605541c\" class=\"sh-text-block\">\n\t<p class=\"p1\" style=\"text-align: center;\"><b>La Preinscripci\u00f3n ha finalizado. <\/b><\/p><p class=\"p1\" style=\"text-align: center;\"><b>P<\/b><b>uede realizar la inscripci\u00f3n en sede el d\u00eda de inicio del Congreso.\u00a0<\/b><\/p><p style=\"text-align: center;\"><span style=\"color: #333399;\"><strong>Medios de pago habilitados:<\/strong><\/span><\/p><p style=\"text-align: center;\"><strong>Argentinos<\/strong>: transferencia bancaria \/ efectivo \/ Pago mediante QR \/ Tarjetas bancarizadas de cr\u00e9dito y d\u00e9bito<\/p><p style=\"text-align: center;\"><strong>Extranjeros:<\/strong> \u00fanicamente efectivo en d\u00f3lares (monto exacto)<\/p><\/div>\n\n<div class=\"sh-empty-space\" id=\"empty-space-152f4341e931eb579833de18bac34ea3\"><\/div>\n\t<\/div>\n\n\n\t\t\n\n<\/div>\n\n<div class=\"sh-column sh-column-5c1bf5c8403359e68ebd15020dfde056 fw-col-xs-12 fw-col-sm-6 borde-precios\" >\n\n\t\n\t<div class=\"sh-column-wrapper\">\n\t\t\n<div id=\"text-block-b1b63e8a7fd1ceb87c3e9e81e1983e1a\" class=\"sh-text-block\">\n\t<h4 style=\"text-align: center;\"><strong>EN SEDE<\/strong><\/h4><\/div>\n\n\n\t<div class=\"sh-heading sh-heading-style1\" id=\"heading-267a2359e1d8313714ae4d138f3dd83f\">\n\t\t<h3 class=\"sh-heading-content size-default\">\n\t\t\t<span style=\"text-align: center;\"><strong>Residentes en Argentina<\/strong><\/span>\t\t<\/h3>\n\t<\/div>\n\n\n<div id=\"text-block-d9dd5fb1d455da4ce93f30a3d6a20999\" class=\"sh-text-block\">\n\t<p style=\"text-align: center;\"><strong>$120000<\/strong><\/p><\/div>\n\n<div class=\"sh-empty-space\" id=\"empty-space-a802ec94f7dd0a7e46745149fabccf48\"><\/div>\n\n<div class=\"sh-empty-space\" id=\"empty-space-fc6240875df58821700ff9af73c5c86e\"><\/div>\n\n\n\t<div class=\"sh-heading sh-heading-style1\" id=\"heading-1b7732de15a949eef4feb97160b70a3e\">\n\t\t<h3 class=\"sh-heading-content size-default\">\n\t\t\t<span style=\"text-align: center;\"><strong>Extranjeros<\/strong><\/span>\t\t<\/h3>\n\t<\/div>\n\n\n<div id=\"text-block-7c448dd63987352393d2d40ab2096e43\" class=\"sh-text-block\">\n\t<p style=\"text-align: center;\"><strong>USD200<\/strong><\/p><\/div>\n\n<div class=\"sh-empty-space\" id=\"empty-space-a276e759bd67a6d4883458bdd92f2c81\"><\/div>\n\n<div class=\"sh-empty-space\" id=\"empty-space-6041b69989bfb7090f4459ed2a407b67\"><\/div>\n\t<\/div>\n\n\n\t\t\n\n<\/div>\n<\/div>\n\n<div class=\"fw-row\">\n\t\n<div class=\"sh-column sh-column-b3ae151d4e8eda5789e858eae0620545 fw-col-xs-12\" >\n\n\t\n\t<div class=\"sh-column-wrapper\">\n\t\t\n<div class=\"sh-empty-space\" id=\"empty-space-0fdcb7ee51d467718109cc993323f4c6\"><\/div>\n\t<\/div>\n\n\n\t\t\n\n<\/div>\n<\/div>\n\n<div class=\"fw-row\">\n\t\n<div class=\"sh-column sh-column-b3ae151d4e8eda5789e858eae0620545 fw-col-xs-12\" >\n\n\t\n\t<div class=\"sh-column-wrapper\">\n\t\t\n<div class=\"sh-empty-space\" id=\"empty-space-a659afc89def944917716df33b6dfa25\"><\/div>\n\t<\/div>\n\n\n\t\t\n\n<\/div>\n<\/div>\n\n\t<\/div>\n<\/section>\n\n<section class=\"sh-section sh-section-8dc00bb7ed700dd72e851d1ca38043b8 fw-main-row sh-section-visibility-everywhere\">\n\t\n\t\n\t<div class=\"sh-section-container container\">\n\t\t<div class=\"fw-row\">\n\t\n<div class=\"sh-column sh-column-ca2a74f755598fb0e318b84d60a50045 fw-col-xs-12\" >\n\n\t\n\t<div class=\"sh-column-wrapper\">\n\t\t\n\n\t<div class=\"sh-heading sh-heading-style1\" id=\"heading-6168a7ccddaaec0432738dec14365a29\">\n\t\t<h5 class=\"sh-heading-content size-default\">\n\t\t\t<span><span style=\"color: #333399;\">T\u00c9RMINOS Y CONDICIONES<\/span><\/span>\t\t<\/h5>\n\t<\/div>\n\n\n<div id=\"text-block-656c1ea54e73f1ec55351bb49f4b7e0c\" class=\"sh-text-block\">\n\t<ul><li>Las tarifas publicadas incluyen el <strong>acceso free a la exposici\u00f3n comercial <\/strong>paralela.<\/li><li>Las tarifas publicadas incluyen <strong>certificado digital<\/strong> de asistencia. Dicho certificado no brinda ni otorga habilitaci\u00f3n o autorizaci\u00f3n alguna para ejercicio de profesiones, aplicaci\u00f3n y\/o ejecuci\u00f3n de procedimientos, de tecnolog\u00eda, equipamiento y aparatolog\u00eda o su manipulaci\u00f3n, siendo las mismas de exclusiva responsabilidad de los participantes y asistentes, as\u00ed como el estricto y correcto cumplimiento de los requerimientos legales y e incumbencias profesionales.<\/li><li>Las tarifas publicadas <strong>NO incluyen vouchers de coffee break, bebidas ni servicios gastron\u00f3micos de ning\u00fan tipo<\/strong>.<\/li><li>Los descuentos y promociones publicados no aplican a inscriptos con antelaci\u00f3n a la comunicaci\u00f3n de dichos descuentos\/promociones.<\/li><li>Las tarifas publicadas est\u00e1n sujetas a modificaci\u00f3n sin previo aviso, derivada de la situaci\u00f3n econ\u00f3mica del pa\u00eds.<\/li><li>Las tarifas publicadas NO INCLUYEN acceso a cursos, talleres u otras actividades programadas, las cuales tienen arancel propio.<\/li><li>El congreso est\u00e1 sujeto a cambio de fecha o reprogramaci\u00f3n por razones sanitarias, electorales u otros motivos de fuerza mayor. En tal caso, no se realizar\u00e1n reintegros ni compensaciones econ\u00f3micas de ning\u00fan tipo.<\/li><li>No se realizar\u00e1n reintegros ni compensaciones econ\u00f3micas de ning\u00fan tipo a inscriptos e inscriptas al congreso por inasistencia derivada de motivos personales u otros ajenos a nuestra organizaci\u00f3n: sanitarios, pol\u00edticos, gremiales, sociales, electorales o de otra \u00edndole, ya sean estos de car\u00e1cter local, provincial, nacional o internacional.<\/li><li>Est\u00e9tica Mundial no se responsabiliza por la ausencia de disertantes derivada de motivos ajenos a nuestra organizaci\u00f3n.<\/li><\/ul><\/div>\n\t<\/div>\n\n\n\t\t\n\n<\/div>\n<\/div>\n\n\t<\/div>\n<\/section>\n<\/p>\n","protected":false},"excerpt":{"rendered":"<p>Congreso Multidisciplinario Destinado a profesionales no m\u00e9dicos, auxiliares, colaboradores y\/o que act\u00faan bajo prescripci\u00f3n y supervisi\u00f3n m\u00e9dica, todos habilitados legalmente La Preinscripci\u00f3n ha finalizado. Puede realizar la inscripci\u00f3n en sede el d\u00eda de inicio del Congreso.\u00a0Medios de pago habilitados:Argentinos: transferencia bancaria \/ efectivo \/ Pago&#8230;<\/p>\n","protected":false},"author":1,"featured_media":0,"parent":0,"menu_order":0,"comment_status":"closed","ping_status":"closed","template":"","meta":{"footnotes":"","_links_to":"","_links_to_target":""},"class_list":["post-261","page","type-page","status-publish","hentry"],"aioseo_notices":[],"_links":{"self":[{"href":"https:\/\/www.esteticamundial.com\/congreso\/argentina\/wp-json\/wp\/v2\/pages\/261","targetHints":{"allow":["GET"]}}],"collection":[{"href":"https:\/\/www.esteticamundial.com\/congreso\/argentina\/wp-json\/wp\/v2\/pages"}],"about":[{"href":"https:\/\/www.esteticamundial.com\/congreso\/argentina\/wp-json\/wp\/v2\/types\/page"}],"author":[{"embeddable":true,"href":"https:\/\/www.esteticamundial.com\/congreso\/argentina\/wp-json\/wp\/v2\/users\/1"}],"replies":[{"embeddable":true,"href":"https:\/\/www.esteticamundial.com\/congreso\/argentina\/wp-json\/wp\/v2\/comments?post=261"}],"version-history":[{"count":379,"href":"https:\/\/www.esteticamundial.com\/congreso\/argentina\/wp-json\/wp\/v2\/pages\/261\/revisions"}],"predecessor-version":[{"id":20522,"href":"https:\/\/www.esteticamundial.com\/congreso\/argentina\/wp-json\/wp\/v2\/pages\/261\/revisions\/20522"}],"wp:attachment":[{"href":"https:\/\/www.esteticamundial.com\/congreso\/argentina\/wp-json\/wp\/v2\/media?parent=261"}],"curies":[{"name":"wp","href":"https:\/\/api.w.org\/{rel}","templated":true}]}}